{"id":430,"date":"2023-07-17T10:19:05","date_gmt":"2023-07-17T08:19:05","guid":{"rendered":"https:\/\/mariagodi-psychologue.com\/?page_id=430"},"modified":"2023-07-17T10:25:27","modified_gmt":"2023-07-17T08:25:27","slug":"conditions-dutilisation-du-site","status":"publish","type":"page","link":"https:\/\/mariagodi-psychologue.com\/index.php\/conditions-dutilisation-du-site\/","title":{"rendered":"Conditions d\u2019utilisation du site\u00a0"},"content":{"rendered":"<p>[et_pb_section fb_built= &raquo;1&Prime; theme_builder_area= &raquo;post_content &raquo; _builder_version= &raquo;4.21.0&Prime; _module_preset= &raquo;default &raquo;][et_pb_row _builder_version= &raquo;4.21.0&Prime; _module_preset= &raquo;default &raquo; theme_builder_area= &raquo;post_content &raquo;][et_pb_column _builder_version= &raquo;4.21.0&Prime; _module_preset= &raquo;default &raquo; type= &raquo;4_4&Prime; theme_builder_area= &raquo;post_content &raquo;][et_pb_text _builder_version= &raquo;4.21.0&Prime; _module_preset= &raquo;default &raquo; theme_builder_area= &raquo;post_content &raquo; hover_enabled= &raquo;0&Prime; sticky_enabled= &raquo;0&Prime;]<\/p>\n<h1><span style=\"font-weight: 400;\">Conditions d&rsquo;utilisation du site :<\/span><\/h1>\n<p><span style=\"font-weight: 400;\"><\/span><\/p>\n<p><span style=\"font-weight: 400;\">Date d&rsquo;entr\u00e9e en vigueur : 17\/07\/2023<\/span><\/p>\n<p><span style=\"font-weight: 400;\">Veuillez lire attentivement les pr\u00e9sentes conditions d&rsquo;utilisation (ci-apr\u00e8s d\u00e9nomm\u00e9es &laquo; les Conditions &raquo;) avant d&rsquo;utiliser le site mariagodi-psycologue.com (ci-apr\u00e8s d\u00e9nomm\u00e9 &laquo; le Site &raquo;). En acc\u00e9dant et en utilisant le Site, vous acceptez d&rsquo;\u00eatre li\u00e9 par les pr\u00e9sentes Conditions. Si vous n&rsquo;acceptez pas ces Conditions, veuillez ne pas utiliser le Site.<\/span><\/p>\n<p><span style=\"font-weight: 400;\">Contenu du Site<\/span><\/p>\n<p><span style=\"font-weight: 400;\">Le contenu du Site est fourni \u00e0 titre informatif uniquement. Je m&rsquo;efforce de m&rsquo;assurer que les informations fournies sur le Site sont exactes et \u00e0 jour, mais je ne donne aucune garantie quant \u00e0 l&rsquo;exactitude, l&rsquo;exhaustivit\u00e9 ou la fiabilit\u00e9 de ces informations. L&rsquo;utilisation du Site et du contenu s&rsquo;effectue \u00e0 vos propres risques.<\/span><\/p>\n<p><span style=\"font-weight: 400;\">Propri\u00e9t\u00e9 intellectuelle<\/span><\/p>\n<p><span style=\"font-weight: 400;\">Tous les droits de propri\u00e9t\u00e9 intellectuelle li\u00e9s au Site et \u00e0 son contenu, y compris, mais sans s&rsquo;y limiter, les textes, les graphiques, les logos, les images, les clips audio, les t\u00e9l\u00e9chargements num\u00e9riques et les logiciels, sont la propri\u00e9t\u00e9 exclusive de Maria Godi ou de ses conc\u00e9dants de licence, et sont prot\u00e9g\u00e9s par les lois sur la propri\u00e9t\u00e9 intellectuelle applicables.<\/span><\/p>\n<p><span style=\"font-weight: 400;\">Vous \u00eates autoris\u00e9 \u00e0 consulter et \u00e0 utiliser le Site et son contenu uniquement dans le cadre d&rsquo;un usage personnel et non commercial. Toute utilisation, reproduction, modification, distribution ou autre exploitation du contenu du Site sans autorisation pr\u00e9alable \u00e9crite de ma part est strictement interdite.<\/span><\/p>\n<p><span style=\"font-weight: 400;\">Liens vers des sites tiers<\/span><\/p>\n<p><span style=\"font-weight: 400;\">Le Site peut contenir des liens vers des sites web de tiers. Ces liens sont fournis uniquement pour votre commodit\u00e9. Je n&rsquo;exerce aucun contr\u00f4le sur le contenu de ces sites tiers et je n&rsquo;assume aucune responsabilit\u00e9 quant \u00e0 leur contenu, leur exactitude ou leur fonctionnement. L&rsquo;inclusion de liens vers des sites tiers ne constitue pas une approbation de leur contenu de ma part.<\/span><\/p>\n<p><span style=\"font-weight: 400;\">Limitation de responsabilit\u00e9<\/span><\/p>\n<p><span style=\"font-weight: 400;\">Dans les limites permises par la loi applicable, je d\u00e9cline toute responsabilit\u00e9 envers vous ou toute autre personne pour tout dommage direct, indirect, sp\u00e9cial, cons\u00e9cutif ou exemplaire d\u00e9coulant de l&rsquo;utilisation du Site ou de son contenu. Je ne serai pas responsable des erreurs, omissions, interruptions, suppressions, d\u00e9fauts, retards dans le fonctionnement ou dans la transmission, des virus informatiques, des pannes de ligne ou de tout autre dysfonctionnement technique.<\/span><\/p>\n<p><span style=\"font-weight: 400;\">Modification des Conditions<\/span><\/p>\n<p><span style=\"font-weight: 400;\">Je me r\u00e9serve le droit de modifier les pr\u00e9sentes Conditions \u00e0 tout moment, \u00e0 ma seule discr\u00e9tion. Les modifications entreront en vigueur d\u00e8s leur publication sur le Site. Il est de votre responsabilit\u00e9 de consulter r\u00e9guli\u00e8rement les Conditions pour prendre connaissance des \u00e9ventuelles modifications. Votre utilisation continue du Site apr\u00e8s la publication des modifications constitue votre acceptation desdites modifications.<\/span><\/p>\n<p><span style=\"font-weight: 400;\">Droit applicable et juridiction<\/span><\/p>\n<p><span style=\"font-weight: 400;\">Les pr\u00e9sentes Conditions sont r\u00e9gies et interpr\u00e9t\u00e9es conform\u00e9ment aux lois en vigueur dans le pays o\u00f9 se trouve mon si\u00e8ge social. Tout litige d\u00e9coulant des pr\u00e9sentes Conditions sera soumis \u00e0 la comp\u00e9tence exclusive des tribunaux comp\u00e9tents de cette juridiction.<\/span><\/p>\n<p>[\/et_pb_text][\/et_pb_column][\/et_pb_row][\/et_pb_section]<\/p>\n","protected":false},"excerpt":{"rendered":"<p>Conditions d&rsquo;utilisation du site : Date d&rsquo;entr\u00e9e en vigueur : 17\/07\/2023 Veuillez lire attentivement les pr\u00e9sentes conditions d&rsquo;utilisation (ci-apr\u00e8s d\u00e9nomm\u00e9es &laquo; les Conditions &raquo;) avant d&rsquo;utiliser le site mariagodi-psycologue.com (ci-apr\u00e8s d\u00e9nomm\u00e9 &laquo; le Site &raquo;). En acc\u00e9dant et en utilisant le Site, vous acceptez d&rsquo;\u00eatre li\u00e9 par les pr\u00e9sentes Conditions. Si vous n&rsquo;acceptez pas ces Conditions, veuillez ne pas [&hellip;]<\/p>\n","protected":false},"author":1,"featured_media":0,"parent":0,"menu_order":0,"comment_status":"closed","ping_status":"closed","template":"","meta":{"_et_pb_use_builder":"on","_et_pb_old_content":"","_et_gb_content_width":"","footnotes":""},"_links":{"self":[{"href":"https:\/\/mariagodi-psychologue.com\/index.php\/wp-json\/wp\/v2\/pages\/430"}],"collection":[{"href":"https:\/\/mariagodi-psychologue.com\/index.php\/wp-json\/wp\/v2\/pages"}],"about":[{"href":"https:\/\/mariagodi-psychologue.com\/index.php\/wp-json\/wp\/v2\/types\/page"}],"author":[{"embeddable":true,"href":"https:\/\/mariagodi-psychologue.com\/index.php\/wp-json\/wp\/v2\/users\/1"}],"replies":[{"embeddable":true,"href":"https:\/\/mariagodi-psychologue.com\/index.php\/wp-json\/wp\/v2\/comments?post=430"}],"version-history":[{"count":3,"href":"https:\/\/mariagodi-psychologue.com\/index.php\/wp-json\/wp\/v2\/pages\/430\/revisions"}],"predecessor-version":[{"id":434,"href":"https:\/\/mariagodi-psychologue.com\/index.php\/wp-json\/wp\/v2\/pages\/430\/revisions\/434"}],"wp:attachment":[{"href":"https:\/\/mariagodi-psychologue.com\/index.php\/wp-json\/wp\/v2\/media?parent=430"}],"curies":[{"name":"wp","href":"https:\/\/api.w.org\/{rel}","templated":true}]}}