{"id":64,"date":"2023-07-06T16:17:18","date_gmt":"2023-07-06T14:17:18","guid":{"rendered":"https:\/\/mariagodi-psychologue.com\/?page_id=64"},"modified":"2023-09-14T13:45:23","modified_gmt":"2023-09-14T11:45:23","slug":"contact","status":"publish","type":"page","link":"https:\/\/mariagodi-psychologue.com\/index.php\/contact\/","title":{"rendered":"Contact"},"content":{"rendered":"<p>[et_pb_section fb_built= &raquo;1&Prime; admin_label= &raquo;Header &raquo; _builder_version= &raquo;4.16&Prime; _module_preset= &raquo;default &raquo; background_color= &raquo;#f1f1f1&Prime; locked= &raquo;off &raquo; global_colors_info= &raquo;{} &raquo;][et_pb_row _builder_version= &raquo;4.16&Prime; _module_preset= &raquo;default &raquo; global_colors_info= &raquo;{} &raquo;][et_pb_column type= &raquo;4_4&Prime; _builder_version= &raquo;4.16&Prime; _module_preset= &raquo;default &raquo; global_colors_info= &raquo;{} &raquo;][et_pb_text _builder_version= &raquo;4.21.0&Prime; _module_preset= &raquo;default &raquo; header_font= &raquo;Poppins|800||||||| &raquo; header_text_color= &raquo;#000000&Prime; header_font_size= &raquo;60px &raquo; header_line_height= &raquo;1.4em &raquo; background_enable_color= &raquo;off &raquo; custom_padding= &raquo;2px||||| &raquo; header_font_size_tablet= &raquo;40px &raquo; header_font_size_phone= &raquo;25px &raquo; header_font_size_last_edited= &raquo;on|phone &raquo; locked= &raquo;off &raquo; global_colors_info= &raquo;{} &raquo;]<\/p>\n<h1 style=\"text-align: center;\">Contactez-moi<\/h1>\n<p>[\/et_pb_text][\/et_pb_column][\/et_pb_row][et_pb_row column_structure= &raquo;1_2,1_2&Prime; use_custom_gutter= &raquo;on &raquo; gutter_width= &raquo;4&Prime; _builder_version= &raquo;4.21.0&Prime; _module_preset= &raquo;default &raquo; global_colors_info= &raquo;{} &raquo;][et_pb_column type= &raquo;1_2&Prime; _builder_version= &raquo;4.21.0&Prime; _module_preset= &raquo;default &raquo; custom_padding= &raquo;|60px|||false|false &raquo; custom_padding_tablet= &raquo;|0px|||false|false &raquo; custom_padding_phone= &raquo; &raquo; custom_padding_last_edited= &raquo;on|tablet &raquo; border_color_all= &raquo;rgba(51,51,51,0.24) &raquo; border_width_right= &raquo;1px &raquo; border_width_right_tablet= &raquo;0px &raquo; border_width_right_phone= &raquo; &raquo; border_width_right_last_edited= &raquo;on|tablet &raquo; global_colors_info= &raquo;{} &raquo;][et_pb_image src= &raquo;http:\/\/mariagodi-psychologue.com\/wp-content\/uploads\/2023\/07\/WhatsApp-Image-2023-06-21-at-14.13.07-4.jpeg &raquo; title_text= &raquo;WhatsApp Image 2023-06-21 at 14.13.07 (4) &raquo; _builder_version= &raquo;4.21.0&Prime; _module_preset= &raquo;default &raquo; border_radii= &raquo;on|20px|20px|20px|20px &raquo; global_colors_info= &raquo;{} &raquo;][\/et_pb_image][\/et_pb_column][et_pb_column type= &raquo;1_2&Prime; _builder_version= &raquo;4.21.0&Prime; _module_preset= &raquo;default &raquo; global_colors_info= &raquo;{} &raquo;][et_pb_text _builder_version= &raquo;4.21.0&Prime; header_font_size= &raquo;19px &raquo; header_3_font= &raquo;Open Sans|700||||||| &raquo; header_3_font_size= &raquo;18px &raquo; header_3_line_height= &raquo;1.2em &raquo; background_enable_color= &raquo;off &raquo; width= &raquo;106.1% &raquo; custom_margin= &raquo;|-24px|12px||false|false &raquo; header_3_font_size_tablet= &raquo;14px &raquo; header_3_font_size_phone= &raquo; &raquo; header_3_font_size_last_edited= &raquo;on|phone &raquo; locked= &raquo;off &raquo; global_colors_info= &raquo;{} &raquo;]<\/p>\n<div class=\"et_pb_module et_pb_text et_pb_text_7  et_pb_text_align_left et_pb_bg_layout_light\">\n<div class=\"et_pb_text_inner\">\n<h2><span style=\"font-weight: 400; font-size: large;\"><strong>Vous recherchez une assistance psychologique en ligne ? Vous \u00eates au bon endroit !<\/strong> <\/span><\/h2>\n<p><span style=\"font-weight: 400;\">Contactez-moi d\u00e8s maintenant pour obtenir <\/span><strong><span style=\"text-decoration: underline;\">des r\u00e9ponses \u00e0 vos questions et commencer votre parcours vers la qualit\u00e9 de votre vie et non pas votre survie.<\/span><\/strong><\/p>\n<p><span style=\"font-weight: 400;\">Je suis l\u00e0 pour vous offrir un <strong>soutien personnalis\u00e9 et adapt\u00e9 \u00e0 vos besoins<\/strong>. Que vous ayez des interrogations, que vous souhaitiez prendre rendez-vous ou obtenir des informations suppl\u00e9mentaires sur mes services de consultation psychologique en ligne, je suis l\u00e0 pour vous aider.<\/span><span style=\"font-weight: 400;\"><\/span><\/p>\n<p><span style=\"font-weight: 400;\">Remplissez simplement le formulaire de contact ci-dessous en fournissant vos coordonn\u00e9es et vos questions. <strong>Je m&rsquo;engage \u00e0 vous r\u00e9pondre dans les plus brefs d\u00e9lais<\/strong>. Vous pouvez \u00e9galement me contacter par t\u00e9l\u00e9phone au <\/span><strong><a href=\"tel:0611917740\">06 11 91 77 40<\/a><\/strong><span style=\"font-weight: 400;\"> ou m&rsquo;envoyer un e-mail \u00e0 <strong>maria-godi@hotmail.com<\/strong>. Choisissez le moyen qui vous convient le mieux !<\/span><span style=\"font-weight: 400;\"><\/span><\/p>\n<p><strong>Je reste \u00e0 votre disposition pour vous rencontrer !\u00a0<\/strong><\/p>\n<\/div>\n<\/div>\n<div id=\"et_pb_contact_form_0\" class=\"et_pb_with_border et_pb_module et_pb_contact_form_0 et_pb_contact_form_container clearfix\" data-form_unique_num=\"0\" data-form_unique_id=\"8f88285c-2037-4e09-ab30-eab79cb4ef91\">\n<div class=\"et_pb_contact\">\n<form class=\"et_pb_contact_form clearfix\" method=\"post\" action=\"https:\/\/apacommunication.fr\/contactez-nous\"><\/form>\n<\/div>\n<\/div>\n<p>[\/et_pb_text][et_pb_contact_form email= &raquo;maria-godi@hotmail.com &raquo; submit_button_text= &raquo;Soumettre &raquo; _builder_version= &raquo;4.22.1&Prime; _module_preset= &raquo;default &raquo; form_field_background_color= &raquo;rgba(0,0,0,0) &raquo; form_field_text_color= &raquo;#000000&Prime; form_field_custom_padding= &raquo;|||0px|false|false &raquo; form_field_font= &raquo;|600||||||| &raquo; form_field_line_height= &raquo;2em &raquo; custom_button= &raquo;on &raquo; button_text_size= &raquo;16px &raquo; button_text_color= &raquo;#ffffff &raquo; button_bg_color= &raquo;#000000&Prime; button_border_width= &raquo;0px &raquo; button_border_color= &raquo;#000000&Prime; button_border_radius= &raquo;23px &raquo; button_font= &raquo;Poppins|||||||| &raquo; button_icon= &raquo;&#x24;||divi||400&Prime; button_icon_color= &raquo;#ffffff &raquo; button_icon_placement= &raquo;left &raquo; button_on_hover= &raquo;off &raquo; button_custom_margin= &raquo;20px||||false|false &raquo; button_custom_padding= &raquo;8px|20px|8px|32px|true|false &raquo; hover_enabled= &raquo;0&Prime; border_color_all= &raquo;#000000&Prime; border_width_bottom= &raquo;2px &raquo; global_colors_info= &raquo;{} &raquo; sticky_enabled= &raquo;0&Prime;][et_pb_contact_field field_id= &raquo;Nom &raquo; field_title= &raquo;Nom &raquo; _builder_version= &raquo;4.21.0&Prime; global_colors_info= &raquo;{} &raquo; button_text_size__hover_enabled= &raquo;off &raquo; button_one_text_size__hover_enabled= &raquo;off &raquo; button_two_text_size__hover_enabled= &raquo;off &raquo; button_text_color__hover_enabled= &raquo;off &raquo; button_one_text_color__hover_enabled= &raquo;off &raquo; button_two_text_color__hover_enabled= &raquo;off &raquo; button_border_width__hover_enabled= &raquo;off &raquo; button_one_border_width__hover_enabled= &raquo;off &raquo; button_two_border_width__hover_enabled= &raquo;off &raquo; button_border_color__hover_enabled= &raquo;off &raquo; button_one_border_color__hover_enabled= &raquo;off &raquo; button_two_border_color__hover_enabled= &raquo;off &raquo; button_border_radius__hover_enabled= &raquo;off &raquo; button_one_border_radius__hover_enabled= &raquo;off &raquo; button_two_border_radius__hover_enabled= &raquo;off &raquo; button_letter_spacing__hover_enabled= &raquo;off &raquo; button_one_letter_spacing__hover_enabled= &raquo;off &raquo; button_two_letter_spacing__hover_enabled= &raquo;off &raquo; button_bg_color__hover_enabled= &raquo;off &raquo; button_one_bg_color__hover_enabled= &raquo;off &raquo; button_two_bg_color__hover_enabled= &raquo;off &raquo;][\/et_pb_contact_field][et_pb_contact_field field_id= &raquo;Email &raquo; field_title= &raquo;Email &raquo; field_type= &raquo;email &raquo; _builder_version= &raquo;4.21.0&Prime; global_colors_info= &raquo;{} &raquo; button_text_size__hover_enabled= &raquo;off &raquo; button_one_text_size__hover_enabled= &raquo;off &raquo; button_two_text_size__hover_enabled= &raquo;off &raquo; button_text_color__hover_enabled= &raquo;off &raquo; button_one_text_color__hover_enabled= &raquo;off &raquo; button_two_text_color__hover_enabled= &raquo;off &raquo; button_border_width__hover_enabled= &raquo;off &raquo; button_one_border_width__hover_enabled= &raquo;off &raquo; button_two_border_width__hover_enabled= &raquo;off &raquo; button_border_color__hover_enabled= &raquo;off &raquo; button_one_border_color__hover_enabled= &raquo;off &raquo; button_two_border_color__hover_enabled= &raquo;off &raquo; button_border_radius__hover_enabled= &raquo;off &raquo; button_one_border_radius__hover_enabled= &raquo;off &raquo; button_two_border_radius__hover_enabled= &raquo;off &raquo; button_letter_spacing__hover_enabled= &raquo;off &raquo; button_one_letter_spacing__hover_enabled= &raquo;off &raquo; button_two_letter_spacing__hover_enabled= &raquo;off &raquo; button_bg_color__hover_enabled= &raquo;off &raquo; button_one_bg_color__hover_enabled= &raquo;off &raquo; button_two_bg_color__hover_enabled= &raquo;off &raquo;][\/et_pb_contact_field][et_pb_contact_field field_id= &raquo;T\u00e9l\u00e9phone &raquo; field_title= &raquo;T\u00e9l\u00e9phone &raquo; allowed_symbols= &raquo;numbers &raquo; _builder_version= &raquo;4.21.0&Prime; _module_preset= &raquo;default &raquo; global_colors_info= &raquo;{} &raquo;][\/et_pb_contact_field][et_pb_contact_field field_id= &raquo;Message &raquo; field_title= &raquo;Message &raquo; field_type= &raquo;text &raquo; fullwidth_field= &raquo;on &raquo; _builder_version= &raquo;4.21.0&Prime; global_colors_info= &raquo;{} &raquo; button_text_size__hover_enabled= &raquo;off &raquo; button_one_text_size__hover_enabled= &raquo;off &raquo; button_two_text_size__hover_enabled= &raquo;off &raquo; button_text_color__hover_enabled= &raquo;off &raquo; button_one_text_color__hover_enabled= &raquo;off &raquo; button_two_text_color__hover_enabled= &raquo;off &raquo; button_border_width__hover_enabled= &raquo;off &raquo; button_one_border_width__hover_enabled= &raquo;off &raquo; button_two_border_width__hover_enabled= &raquo;off &raquo; button_border_color__hover_enabled= &raquo;off &raquo; button_one_border_color__hover_enabled= &raquo;off &raquo; button_two_border_color__hover_enabled= &raquo;off &raquo; button_border_radius__hover_enabled= &raquo;off &raquo; button_one_border_radius__hover_enabled= &raquo;off &raquo; button_two_border_radius__hover_enabled= &raquo;off &raquo; button_letter_spacing__hover_enabled= &raquo;off &raquo; button_one_letter_spacing__hover_enabled= &raquo;off &raquo; button_two_letter_spacing__hover_enabled= &raquo;off &raquo; button_bg_color__hover_enabled= &raquo;off &raquo; button_one_bg_color__hover_enabled= &raquo;off &raquo; button_two_bg_color__hover_enabled= &raquo;off &raquo;][\/et_pb_contact_field][\/et_pb_contact_form][\/et_pb_column][\/et_pb_row][\/et_pb_section][et_pb_section fb_built= &raquo;1&Prime; _builder_version= &raquo;4.21.0&Prime; _module_preset= &raquo;default &raquo; background_color= &raquo;#f1f1f1&Prime; height= &raquo;100px &raquo; custom_padding= &raquo;41px||||| &raquo; global_colors_info= &raquo;{} &raquo;][et_pb_row _builder_version= &raquo;4.21.0&Prime; _module_preset= &raquo;default &raquo; global_colors_info= &raquo;{} &raquo;][et_pb_column type= &raquo;4_4&Prime; _builder_version= &raquo;4.21.0&Prime; _module_preset= &raquo;default &raquo; global_colors_info= &raquo;{} &raquo;][et_pb_text _builder_version= &raquo;4.21.0&Prime; _module_preset= &raquo;default &raquo; background_color= &raquo;#f1f1f1&Prime; global_colors_info= &raquo;{} &raquo;]<\/p>\n<h2 style=\"text-align: center;\"><strong>Ce que disent mes patients :<\/strong><\/h2>\n<p>[\/et_pb_text][\/et_pb_column][\/et_pb_row][\/et_pb_section][et_pb_section fb_built= &raquo;1&Prime; _builder_version= &raquo;4.21.0&Prime; _module_preset= &raquo;default &raquo; background_color= &raquo;#f1f1f1&Prime; global_colors_info= &raquo;{} &raquo;][et_pb_row _builder_version= &raquo;4.21.0&Prime; _module_preset= &raquo;default &raquo; global_colors_info= &raquo;{} &raquo;][et_pb_column type= &raquo;4_4&Prime; _builder_version= &raquo;4.21.0&Prime; _module_preset= &raquo;default &raquo; global_colors_info= &raquo;{} &raquo;][dica_divi_carousel show_items_desktop= &raquo;1&Prime; show_items_tablet= &raquo;1&Prime; loop= &raquo;on &raquo; dot_nav= &raquo;on &raquo; advanced_effect= &raquo;1&Prime; arrow_nav_color= &raquo;#000000&Prime; arrow_bg_color= &raquo;RGBA(255,255,255,0) &raquo; dots_color= &raquo;#e3d6bf &raquo; dots_active_color= &raquo;#000000&Prime; _builder_version= &raquo;4.21.0&Prime; _module_preset= &raquo;default &raquo; global_colors_info= &raquo;{} &raquo;][dica_divi_carouselitem title= &raquo;Johanna &raquo; button_url_new_window= &raquo;1&Prime; content_padding= &raquo;8px||8px|8px|false|false &raquo; _builder_version= &raquo;4.21.0&Prime; _module_preset= &raquo;default &raquo; header_text_align= &raquo;center &raquo; background_color= &raquo;#e3d6bf &raquo; background_enable_color= &raquo;on &raquo; border_radii_item= &raquo;on|20px|20px|20px|20px &raquo; border_width_all_item= &raquo;3px &raquo; global_colors_info= &raquo;{} &raquo;]<\/p>\n<p style=\"text-align: center;\"><span style=\"font-weight: 400;\">\u201cJe consulte le Dr Godi depuis presque 3 ans et c&rsquo;est un vrai plaisir \u00e0 chaque s\u00e9ance !!<\/span><\/p>\n<p style=\"text-align: center;\"><span style=\"font-weight: 400;\">Toujours souriante, c&rsquo;est un vrai rayon de soleil !!<\/span><\/p>\n<p style=\"text-align: center;\"><span style=\"font-weight: 400;\">Elle est toujours tr\u00e8s disponible, dot\u00e9e d&rsquo;une grande capacit\u00e9 d&rsquo;\u00e9coute, d&#8217;empathie, de patience et de bienveillance.<\/span><\/p>\n<p style=\"text-align: center;\"><span style=\"font-weight: 400;\">Elle m&rsquo;accompagne pour diverses probl\u00e9matiques, notamment dans la gestion des \u00e9motions et certains traumatismes et m&rsquo;aide \u00e0 les comprendre et les accepter.<\/span><\/p>\n<p style=\"text-align: center;\"><span style=\"font-weight: 400;\">J&rsquo;appr\u00e9cie \u00e9galement sa franchise, son honn\u00eatet\u00e9 et sa grande ouverture d&rsquo;esprit qui me permet d&rsquo;\u00eatre \u00e0 l&rsquo;aise pour parler d&rsquo;absolument tout, sans pr\u00e9juger, ainsi que le fait qu&rsquo;elle ne force pas la communication lorsque certains sujets peuvent \u00eatre difficiles.<\/span><\/p>\n<p style=\"text-align: center;\"><span style=\"font-weight: 400;\">C&rsquo;est la premi\u00e8re psychologue que j&rsquo;ai consult\u00e9e et \u00e7a a tout de suite fonctionn\u00e9.<\/span><\/p>\n<p style=\"text-align: center;\"><span style=\"font-weight: 400;\">Je ne peux que la recommander\u201d<\/span><\/p>\n<p>[\/dica_divi_carouselitem][dica_divi_carouselitem title= &raquo;Am\u00e9lie &raquo; button_url_new_window= &raquo;1&Prime; content_padding= &raquo;8px||8px|8px|false|false &raquo; _builder_version= &raquo;4.21.0&Prime; _module_preset= &raquo;default &raquo; header_text_align= &raquo;center &raquo; background_color= &raquo;#e3d6bf &raquo; background_enable_color= &raquo;on &raquo; border_radii_item= &raquo;on|20px|20px|20px|20px &raquo; border_width_all_item= &raquo;3px &raquo; global_colors_info= &raquo;{} &raquo;]<\/p>\n<p style=\"text-align: center;\"><span style=\"font-weight: 400;\">\u201cMaria Godi est une excellente professionnelle qui s\u2019investit pour m\u2019aider \u00e0 progresser et \u00e0 aller mieux. Elle est la toute premi\u00e8re psy que j\u2019ai consult\u00e9e, de ce fait, j\u2019\u00e9tais tr\u00e8s stress\u00e9e, mais elle a su tr\u00e8s vite me rassurer ! Psy tr\u00e8s \u00e0 l\u2019\u00e9coute, tr\u00e8s douce, tr\u00e8s dr\u00f4le mais franche, je pense que c\u2019est exactement ce qu\u2019il me fallait pour pouvoir progresser. Aujourd\u2019hui j\u2019apprends \u00e0 me conna\u00eetre et je m\u2019apaise progressivement. Merci Maria !\u201d<\/span><\/p>\n<p>[\/dica_divi_carouselitem][dica_divi_carouselitem title= &raquo;Marta &raquo; button_url_new_window= &raquo;1&Prime; content_padding= &raquo;8px||8px|8px|false|false &raquo; _builder_version= &raquo;4.21.0&Prime; _module_preset= &raquo;default &raquo; header_text_align= &raquo;center &raquo; background_color= &raquo;#e3d6bf &raquo; background_enable_color= &raquo;on &raquo; border_radii_item= &raquo;on|20px|20px|20px|20px &raquo; border_width_all_item= &raquo;3px &raquo; global_colors_info= &raquo;{} &raquo;]<\/p>\n<p style=\"text-align: center;\"><span style=\"font-weight: 400;\">\u201cMme GODI est toujours positive et souriante et les s\u00e9ances se d\u00e9roulent toutes dans la d\u00e9tente et la bonne humeur.<\/span><\/p>\n<p style=\"text-align: center;\"><span style=\"font-weight: 400;\">El<\/span><span style=\"font-weight: 400;\">le sait co<\/span><span style=\"font-weight: 400;\">mment et o\u00f9 creuser vis \u00e0 vis de nous blocages et elle nous donne les cl\u00e9s pour qu&rsquo;on prenne les bonnes d\u00e9cisions pour nous, sans y interf\u00e9rer.<\/span><\/p>\n<p style=\"text-align: center;\"><span style=\"font-weight: 400;\">Elle est toujours disponible pour calmer nos petites angoisses entre chaque s\u00e9ance m\u00eame par message. Je la recommande \u00e0 1000%\u201d<\/span><\/p>\n<p>[\/dica_divi_carouselitem][dica_divi_carouselitem title= &raquo;Caroline &raquo; button_url_new_window= &raquo;1&Prime; content_padding= &raquo;8px||8px|8px|false|false &raquo; _builder_version= &raquo;4.21.0&Prime; _module_preset= &raquo;default &raquo; header_text_align= &raquo;center &raquo; background_color= &raquo;#e3d6bf &raquo; background_enable_color= &raquo;on &raquo; border_radii_item= &raquo;on|20px|20px|20px|20px &raquo; border_width_all_item= &raquo;3px &raquo; global_colors_info= &raquo;{} &raquo;]<\/p>\n<p style=\"text-align: center;\"><span style=\"font-weight: 400;\">\u201cMaria est une psychologue professionnelle, de confiance avec qui je peux parler de tout.Elle m\u2019a appris \u00e0 m\u2019\u00e9couter et \u00e0 prendre soin de moi.Je la recommanderais les yeux ferm\u00e9s.\u201d<\/span><\/p>\n<p>[\/dica_divi_carouselitem][\/dica_divi_carousel][\/et_pb_column][\/et_pb_row][\/et_pb_section][et_pb_section fb_built= &raquo;1&Prime; _builder_version= &raquo;4.21.0&Prime; _module_preset= &raquo;default &raquo; background_color= &raquo;#000000&Prime; custom_margin= &raquo;-30px||||| &raquo; custom_padding= &raquo;0px||7px||| &raquo; border_radii= &raquo;on|30px|30px|30px|30px &raquo; border_width_all= &raquo;5px &raquo; global_colors_info= &raquo;{} &raquo;][et_pb_row column_structure= &raquo;1_4,1_4,1_4,1_4&Prime; _builder_version= &raquo;4.21.0&Prime; _module_preset= &raquo;default &raquo; custom_padding= &raquo;||13px||| &raquo; global_colors_info= &raquo;{} &raquo;][et_pb_column type= &raquo;1_4&Prime; _builder_version= &raquo;4.21.0&Prime; _module_preset= &raquo;default &raquo; global_colors_info= &raquo;{} &raquo;][et_pb_text _builder_version= &raquo;4.21.0&Prime; _module_preset= &raquo;default &raquo; text_text_color= &raquo;#e3d6bf &raquo; global_colors_info= &raquo;{} &raquo;]<\/p>\n<h3 style=\"text-align: center;\"><span style=\"font-weight: 400; color: #ffffff;\">Du Lundi au Samedi <\/span><\/h3>\n<p>[\/et_pb_text][\/et_pb_column][et_pb_column type= &raquo;1_4&Prime; _builder_version= &raquo;4.21.0&Prime; _module_preset= &raquo;default &raquo; global_colors_info= &raquo;{} &raquo;][et_pb_text _builder_version= &raquo;4.21.0&Prime; _module_preset= &raquo;default &raquo; global_colors_info= &raquo;{} &raquo;]<\/p>\n<h3 style=\"text-align: center;\"><span style=\"color: #ffffff;\"><a href=\"tel:0611917740\" style=\"color: #ffffff;\"><span style=\"font-weight: 400;\">06 11 91 77 40<\/span><\/a><\/span><\/h3>\n<p>[\/et_pb_text][\/et_pb_column][et_pb_column type= &raquo;1_4&Prime; _builder_version= &raquo;4.21.0&Prime; _module_preset= &raquo;default &raquo; global_colors_info= &raquo;{} &raquo;][et_pb_text _builder_version= &raquo;4.21.0&Prime; _module_preset= &raquo;default &raquo; global_colors_info= &raquo;{} &raquo;]<\/p>\n<h3 style=\"text-align: center;\"><span style=\"color: #ffffff;\"><a href=\"mailto:maria-godi@hotmail.com\" style=\"color: #ffffff;\"><span style=\"font-weight: 400;\">maria-godi@hotmail.com<\/span><\/a><\/span><\/h3>\n<p>[\/et_pb_text][\/et_pb_column][et_pb_column type= &raquo;1_4&Prime; _builder_version= &raquo;4.21.0&Prime; _module_preset= &raquo;default &raquo; global_colors_info= &raquo;{} &raquo;][et_pb_text _builder_version= &raquo;4.21.0&Prime; _module_preset= &raquo;default &raquo; global_colors_info= &raquo;{} &raquo;]<\/p>\n<h3 style=\"text-align: center;\"><span style=\"font-weight: 400; color: #ffffff;\">Fran\u00e7ais &#8211; Anglais &#8211; Grec<\/span><\/h3>\n<p>[\/et_pb_text][\/et_pb_column][\/et_pb_row][\/et_pb_section]<\/p>\n","protected":false},"excerpt":{"rendered":"<p>Contactez-moi Vous recherchez une assistance psychologique en ligne ? Vous \u00eates au bon endroit ! Contactez-moi d\u00e8s maintenant pour obtenir des r\u00e9ponses \u00e0 vos questions et commencer votre parcours vers la qualit\u00e9 de votre vie et non pas votre survie. Je suis l\u00e0 pour vous offrir un soutien personnalis\u00e9 et adapt\u00e9 \u00e0 vos besoins. Que [&hellip;]<\/p>\n","protected":false},"author":1,"featured_media":0,"parent":0,"menu_order":0,"comment_status":"closed","ping_status":"closed","template":"","meta":{"_et_pb_use_builder":"on","_et_pb_old_content":"<!-- wp:divi\/placeholder \/-->","_et_gb_content_width":"","footnotes":""},"_links":{"self":[{"href":"https:\/\/mariagodi-psychologue.com\/index.php\/wp-json\/wp\/v2\/pages\/64"}],"collection":[{"href":"https:\/\/mariagodi-psychologue.com\/index.php\/wp-json\/wp\/v2\/pages"}],"about":[{"href":"https:\/\/mariagodi-psychologue.com\/index.php\/wp-json\/wp\/v2\/types\/page"}],"author":[{"embeddable":true,"href":"https:\/\/mariagodi-psychologue.com\/index.php\/wp-json\/wp\/v2\/users\/1"}],"replies":[{"embeddable":true,"href":"https:\/\/mariagodi-psychologue.com\/index.php\/wp-json\/wp\/v2\/comments?post=64"}],"version-history":[{"count":59,"href":"https:\/\/mariagodi-psychologue.com\/index.php\/wp-json\/wp\/v2\/pages\/64\/revisions"}],"predecessor-version":[{"id":511,"href":"https:\/\/mariagodi-psychologue.com\/index.php\/wp-json\/wp\/v2\/pages\/64\/revisions\/511"}],"wp:attachment":[{"href":"https:\/\/mariagodi-psychologue.com\/index.php\/wp-json\/wp\/v2\/media?parent=64"}],"curies":[{"name":"wp","href":"https:\/\/api.w.org\/{rel}","templated":true}]}}